{"id":1303,"date":"2018-06-24T10:05:59","date_gmt":"2018-06-24T08:05:59","guid":{"rendered":"https:\/\/brorhjorthshus.se\/?page_id=1303"},"modified":"2025-03-07T11:43:48","modified_gmt":"2025-03-07T10:43:48","slug":"about-bror-hjorth","status":"publish","type":"page","link":"https:\/\/brorhjorthshus.se\/en\/about-bror-hjorth\/","title":{"rendered":"Bror Hjorth"},"content":{"rendered":"<h1>About Bror Hjorth and his art<\/h1>\n<p><span lang=\"EN-GB\">Bror Hjorth (1894-1968) grew up a couple of miles north of Uppsala. He received his artistic education in Paris, where he lived and worked throughout the 1920s. He started out as a sculptor but soon became\u00a0 a painter as well. He found inspiration in both older and contemporary art and in folk art.\u00a0<\/span><\/p>\n<div id=\"attachment_851\" style=\"width: 410px\" class=\"wp-caption alignright\"><img loading=\"lazy\" decoding=\"async\" aria-describedby=\"caption-attachment-851\" class=\"size-medium wp-image-851\" src=\"https:\/\/brorhjorthshus.se\/wp-content\/uploads\/2018\/05\/Foto_BHH_40x30-e1528366752403-400x300.jpg\" alt=\"Bror Hjorth i sin atelj\u00e9 p\u00e5 Villa Brune i Paris i b\u00f6rjan av 1920-talet.\" width=\"400\" height=\"300\" srcset=\"https:\/\/brorhjorthshus.se\/wp-content\/uploads\/2018\/05\/Foto_BHH_40x30-e1528366752403-400x300.jpg 400w, https:\/\/brorhjorthshus.se\/wp-content\/uploads\/2018\/05\/Foto_BHH_40x30-e1528366752403-768x576.jpg 768w, https:\/\/brorhjorthshus.se\/wp-content\/uploads\/2018\/05\/Foto_BHH_40x30-e1528366752403-1024x768.jpg 1024w, https:\/\/brorhjorthshus.se\/wp-content\/uploads\/2018\/05\/Foto_BHH_40x30-e1528366752403.jpg 1440w, https:\/\/brorhjorthshus.se\/wp-content\/uploads\/2018\/05\/Foto_BHH_40x30-e1528366752403-133x100.jpg 133w\" sizes=\"auto, (max-width: 400px) 100vw, 400px\" \/><p id=\"caption-attachment-851\" class=\"wp-caption-text\">Bror Hjorth in his studio in Paris in the early 1920s. Most of the art works have been preserved and a handful can be seen in Bror Hjorths Hus.<\/p><\/div>\n<p><span lang=\"EN-GB\">Bror Hjorth&#8217;s robust expressionism and strong colours convey, at least at a first glance, a joie de vivre, a celebration of life. Quite often he used his own experiences and heritage as a starting point for his narrative paintings in the 1920s and 1940s. His early sculptures were usually roughly cut in stone or wood. He made use of the\u00a0 immanent shape and quality of the materials. \u00a0\u00a0<\/span><\/p>\n<p><span lang=\"EN-GB\">Bror Hjorth had his breakthrough in the mid-1930s. A few of his sculptures were deemed immoral at a gallery exhibtion and were censored by the police for being erotically explicit. This created a lively press debate and consequently made the artist widely known.<\/span><\/p>\n<p><span lang=\"EN-GB\">Erotic motifs, folk musicians and creatures from Swedish folkore are common in Bror Hjorth&#8217;s oeuvre. He also made many works with religious motifs, for example the large altar relief <i>Laestadiusreliefen<\/i> for Jukkasj\u00e4rvi Church in the north of Sweden. Bror Hjorth&#8217;s largest sculpture, <i>N\u00e4ckens polska<\/i>, is standing outside the railway station in Uppsala.\u00a0<\/span><\/p>\n<div id=\"attachment_856\" style=\"width: 410px\" class=\"wp-caption alignright\"><img loading=\"lazy\" decoding=\"async\" aria-describedby=\"caption-attachment-856\" class=\"size-medium wp-image-856\" src=\"https:\/\/brorhjorthshus.se\/wp-content\/uploads\/2018\/05\/Foto_BHH_30x20_2-1-e1527763006838-400x225.jpg\" alt=\"Bild p\u00e5 Bror Hjorths i vardagsrummet\" width=\"400\" height=\"225\" srcset=\"https:\/\/brorhjorthshus.se\/wp-content\/uploads\/2018\/05\/Foto_BHH_30x20_2-1-e1527763006838-400x225.jpg 400w, https:\/\/brorhjorthshus.se\/wp-content\/uploads\/2018\/05\/Foto_BHH_30x20_2-1-e1527763006838-768x432.jpg 768w, https:\/\/brorhjorthshus.se\/wp-content\/uploads\/2018\/05\/Foto_BHH_30x20_2-1-e1527763006838-1024x576.jpg 1024w, https:\/\/brorhjorthshus.se\/wp-content\/uploads\/2018\/05\/Foto_BHH_30x20_2-1-e1527763006838-1920x1080.jpg 1920w, https:\/\/brorhjorthshus.se\/wp-content\/uploads\/2018\/05\/Foto_BHH_30x20_2-1-e1527763006838-178x100.jpg 178w, https:\/\/brorhjorthshus.se\/wp-content\/uploads\/2018\/05\/Foto_BHH_30x20_2-1-e1527763006838.jpg 1921w\" sizes=\"auto, (max-width: 400px) 100vw, 400px\" \/><p id=\"caption-attachment-856\" class=\"wp-caption-text\">Bror Hjorth in his livingroom at Norbyv\u00e4gen, surrounded by his own paintings and sculptures.<\/p><\/div>\n<p><span lang=\"EN-GB\">In his late paintings Bror Hjorth used dark outlines to frame bright unmixed colours. He returned to his experiments of the 1920s and exaggerated the flatness of his paintings. In contrast, his sculptures remained heavy and voluminous, though they left the raw primitivism in favour of a more refined and architectural approach to the simplified forms. Bror Hjorth was also highly skilled at drawing and was Professor of Drawing at the Royal Art Academy in Stockholm for ten years. \u00a0 \u00a0\u00a0<\/span><\/p>\n<p><span lang=\"EN-GB\">In the mid-1940s, Bror Hjorth and his wife Tove built the house on Norbyv\u00e4gen, which is now the museum Bror Hjorths Hus. Bror Hjorth lived and worked there during the last twentyfive years of his life, first with Tove and their son Ole and the adopted refugee Tommy and later together with his second wife Margareta.\u00a0<\/span><\/p>\n<div id=\"attachment_930\" style=\"width: 693px\" class=\"wp-caption aligncenter\"><img loading=\"lazy\" decoding=\"async\" aria-describedby=\"caption-attachment-930\" class=\"size-large wp-image-930\" src=\"https:\/\/brorhjorthshus.se\/wp-content\/uploads\/2018\/06\/Foto_BHH_20x30_4-e1528367372605-683x1024.jpg\" alt=\"Bror Hjorth framf\u00f6r skulpturen N\u00e4ckens polska, 1967.\" width=\"683\" height=\"1024\" srcset=\"https:\/\/brorhjorthshus.se\/wp-content\/uploads\/2018\/06\/Foto_BHH_20x30_4-e1528367372605-683x1024.jpg 683w, https:\/\/brorhjorthshus.se\/wp-content\/uploads\/2018\/06\/Foto_BHH_20x30_4-e1528367372605-200x300.jpg 200w, https:\/\/brorhjorthshus.se\/wp-content\/uploads\/2018\/06\/Foto_BHH_20x30_4-e1528367372605-768x1152.jpg 768w, https:\/\/brorhjorthshus.se\/wp-content\/uploads\/2018\/06\/Foto_BHH_20x30_4-e1528367372605-720x1080.jpg 720w, https:\/\/brorhjorthshus.se\/wp-content\/uploads\/2018\/06\/Foto_BHH_20x30_4-e1528367372605-67x100.jpg 67w, https:\/\/brorhjorthshus.se\/wp-content\/uploads\/2018\/06\/Foto_BHH_20x30_4-e1528367372605.jpg 1920w\" sizes=\"auto, (max-width: 683px) 100vw, 683px\" \/><p id=\"caption-attachment-930\" class=\"wp-caption-text\">Bror Hjorth in front of his sculpture N\u00e4ckens polska, 1967. Uppsala Castle can be seen in the background.<\/p><\/div>\n<p>&nbsp;<\/p>\n<p>&nbsp;<\/p>\n","protected":false},"excerpt":{"rendered":"<p>About Bror Hjorth and his art Bror Hjorth (1894-1968) grew up a couple of miles north of Uppsala. He received his artistic education in Paris, where he lived and worked<a class=\"excerpt-read-more\" href=\"https:\/\/brorhjorthshus.se\/en\/about-bror-hjorth\/\" title=\"ReadBror Hjorth\">&#8230; Read more &raquo;<\/a><\/p>\n","protected":false},"author":3,"featured_media":840,"parent":0,"menu_order":0,"comment_status":"closed","ping_status":"closed","template":"template-general.php","meta":{"_acf_changed":false,"footnotes":""},"class_list":["post-1303","page","type-page","status-publish","has-post-thumbnail","hentry"],"acf":[],"_links":{"self":[{"href":"https:\/\/brorhjorthshus.se\/en\/wp-json\/wp\/v2\/pages\/1303","targetHints":{"allow":["GET"]}}],"collection":[{"href":"https:\/\/brorhjorthshus.se\/en\/wp-json\/wp\/v2\/pages"}],"about":[{"href":"https:\/\/brorhjorthshus.se\/en\/wp-json\/wp\/v2\/types\/page"}],"author":[{"embeddable":true,"href":"https:\/\/brorhjorthshus.se\/en\/wp-json\/wp\/v2\/users\/3"}],"replies":[{"embeddable":true,"href":"https:\/\/brorhjorthshus.se\/en\/wp-json\/wp\/v2\/comments?post=1303"}],"version-history":[{"count":1,"href":"https:\/\/brorhjorthshus.se\/en\/wp-json\/wp\/v2\/pages\/1303\/revisions"}],"predecessor-version":[{"id":17881,"href":"https:\/\/brorhjorthshus.se\/en\/wp-json\/wp\/v2\/pages\/1303\/revisions\/17881"}],"wp:featuredmedia":[{"embeddable":true,"href":"https:\/\/brorhjorthshus.se\/en\/wp-json\/wp\/v2\/media\/840"}],"wp:attachment":[{"href":"https:\/\/brorhjorthshus.se\/en\/wp-json\/wp\/v2\/media?parent=1303"}],"curies":[{"name":"wp","href":"https:\/\/api.w.org\/{rel}","templated":true}]}}